{"id":6165,"date":"2020-03-17T15:19:01","date_gmt":"2020-03-17T22:19:01","guid":{"rendered":"https:\/\/indigenouscuisine.ca\/home\/revitalizing-indigenous-culture-one-meal-at-a-time\/"},"modified":"2020-06-19T15:06:04","modified_gmt":"2020-06-19T22:06:04","slug":"culture-gastronomique","status":"publish","type":"page","link":"https:\/\/indigenouscuisine.ca\/fr\/culture-gastronomique\/","title":{"rendered":"Revitalisation culturelle, une bouch\u00e9e \u00e0 la fois"},"content":{"rendered":"<p><span style=\"font-weight: 400;\">Nos traditions le savent \u2013 la nourriture doit \u00eatre cultiv\u00e9e, r\u00e9colt\u00e9e, pr\u00e9par\u00e9e et mang\u00e9e avec respect. Se r\u00e9unir autour de la table pour un repas est un acte qui rassemble la communaut\u00e9. Il s\u2019agit d\u2019un moment privil\u00e9gi\u00e9 pour nourrir le corps, l\u2019esprit et l\u2019\u00e2me avec la plus grande gratitude pour les aliments essentiels \u00e0 la vie.<\/span><\/p>\n","protected":false},"excerpt":{"rendered":"<p>Nos traditions le savent \u2013 la nourriture doit \u00eatre cultiv\u00e9e, r\u00e9colt\u00e9e, pr\u00e9par\u00e9e et mang\u00e9e avec respect. Se r\u00e9unir autour de la table pour un repas est un acte qui rassemble la communaut\u00e9. Il s\u2019agit d\u2019un moment privil\u00e9gi\u00e9 pour nourrir le corps, l\u2019esprit et l\u2019\u00e2me avec la plus grande gratitude pour les aliments essentiels \u00e0 la vie.<\/p>\n","protected":false},"author":20,"featured_media":9085,"parent":0,"menu_order":0,"comment_status":"closed","ping_status":"closed","template":"","meta":[],"categories":[872],"tags":[],"yoast_head":"<!-- This site is optimized with the Yoast SEO plugin v20.0 - https:\/\/yoast.com\/wordpress\/plugins\/seo\/ -->\n<title>Revitalisation culturelle, une bouch\u00e9e \u00e0 la fois - Indigenous Cuisine<\/title>\n<meta name=\"description\" content=\"Nos traditions le savent \u2013 la nourriture doit \u00eatre cultiv\u00e9e, r\u00e9colt\u00e9e, pr\u00e9par\u00e9e et mang\u00e9e avec respect. Se r\u00e9unir autour de la table pour un repas est un acte qui rassemble la communaut\u00e9.\" \/>\n<meta name=\"robots\" content=\"index, follow, max-snippet:-1, max-image-preview:large, max-video-preview:-1\" \/>\n<link rel=\"canonical\" href=\"https:\/\/indigenouscuisine.ca\/fr\/culture-gastronomique\/\" \/>\n<meta property=\"og:locale\" content=\"fr_FR\" \/>\n<meta property=\"og:type\" content=\"article\" \/>\n<meta property=\"og:title\" content=\"Revitalisation culturelle, une bouch\u00e9e \u00e0 la fois - Indigenous Cuisine\" \/>\n<meta property=\"og:description\" content=\"Nos traditions le savent \u2013 la nourriture doit \u00eatre cultiv\u00e9e, r\u00e9colt\u00e9e, pr\u00e9par\u00e9e et mang\u00e9e avec respect. Se r\u00e9unir autour de la table pour un repas est un acte qui rassemble la communaut\u00e9.\" \/>\n<meta property=\"og:url\" content=\"https:\/\/indigenouscuisine.ca\/fr\/culture-gastronomique\/\" \/>\n<meta property=\"og:site_name\" content=\"DI - Culinary\" \/>\n<meta property=\"article:modified_time\" content=\"2020-06-19T22:06:04+00:00\" \/>\n<meta property=\"og:image\" content=\"https:\/\/indigenouscuisine.ca\/wp-content\/uploads\/2020\/05\/Simon-Sees-Tuesday-Reception-6441.jpg\" \/>\n\t<meta property=\"og:image:width\" content=\"2000\" \/>\n\t<meta property=\"og:image:height\" content=\"1335\" \/>\n\t<meta property=\"og:image:type\" content=\"image\/jpeg\" \/>\n<meta name=\"twitter:card\" content=\"summary_large_image\" \/>\n<script type=\"application\/ld+json\" class=\"yoast-schema-graph\">{\"@context\":\"https:\/\/schema.org\",\"@graph\":[{\"@type\":\"WebPage\",\"@id\":\"https:\/\/indigenouscuisine.ca\/fr\/culture-gastronomique\/\",\"url\":\"https:\/\/indigenouscuisine.ca\/fr\/culture-gastronomique\/\",\"name\":\"Revitalisation culturelle, une bouch\u00e9e \u00e0 la fois - Indigenous Cuisine\",\"isPartOf\":{\"@id\":\"https:\/\/indigenouscuisine.ca\/fr\/#website\"},\"datePublished\":\"2020-03-17T22:19:01+00:00\",\"dateModified\":\"2020-06-19T22:06:04+00:00\",\"description\":\"Nos traditions le savent \u2013 la nourriture doit \u00eatre cultiv\u00e9e, r\u00e9colt\u00e9e, pr\u00e9par\u00e9e et mang\u00e9e avec respect. Se r\u00e9unir autour de la table pour un repas est un acte qui rassemble la communaut\u00e9.\",\"breadcrumb\":{\"@id\":\"https:\/\/indigenouscuisine.ca\/fr\/culture-gastronomique\/#breadcrumb\"},\"inLanguage\":\"fr-FR\",\"potentialAction\":[{\"@type\":\"ReadAction\",\"target\":[\"https:\/\/indigenouscuisine.ca\/fr\/culture-gastronomique\/\"]}]},{\"@type\":\"BreadcrumbList\",\"@id\":\"https:\/\/indigenouscuisine.ca\/fr\/culture-gastronomique\/#breadcrumb\",\"itemListElement\":[{\"@type\":\"ListItem\",\"position\":1,\"name\":\"Home\",\"item\":\"https:\/\/indigenouscuisine.ca\/fr\/\"},{\"@type\":\"ListItem\",\"position\":2,\"name\":\"Revitalisation culturelle, une bouch\u00e9e \u00e0 la fois\"}]},{\"@type\":\"WebSite\",\"@id\":\"https:\/\/indigenouscuisine.ca\/fr\/#website\",\"url\":\"https:\/\/indigenouscuisine.ca\/fr\/\",\"name\":\"DI - Culinary\",\"description\":\"\",\"publisher\":{\"@id\":\"https:\/\/indigenouscuisine.ca\/fr\/#organization\"},\"potentialAction\":[{\"@type\":\"SearchAction\",\"target\":{\"@type\":\"EntryPoint\",\"urlTemplate\":\"https:\/\/indigenouscuisine.ca\/fr\/?s={search_term_string}\"},\"query-input\":\"required name=search_term_string\"}],\"inLanguage\":\"fr-FR\"},{\"@type\":\"Organization\",\"@id\":\"https:\/\/indigenouscuisine.ca\/fr\/#organization\",\"name\":\"Indigenous Cuisine\",\"url\":\"https:\/\/indigenouscuisine.ca\/fr\/\",\"logo\":{\"@type\":\"ImageObject\",\"inLanguage\":\"fr-FR\",\"@id\":\"https:\/\/indigenouscuisine.ca\/fr\/#\/schema\/logo\/image\/\",\"url\":\"https:\/\/indigenouscuisine.ca\/wp-content\/uploads\/2023\/07\/indigeneouscuisine-di-logo-navbar-fr@2x.png\",\"contentUrl\":\"https:\/\/indigenouscuisine.ca\/wp-content\/uploads\/2023\/07\/indigeneouscuisine-di-logo-navbar-fr@2x.png\",\"width\":2040,\"height\":128,\"caption\":\"Indigenous Cuisine\"},\"image\":{\"@id\":\"https:\/\/indigenouscuisine.ca\/fr\/#\/schema\/logo\/image\/\"}}]}<\/script>\n<!-- \/ Yoast SEO plugin. -->","yoast_head_json":{"title":"Revitalisation culturelle, une bouch\u00e9e \u00e0 la fois - Indigenous Cuisine","description":"Nos traditions le savent \u2013 la nourriture doit \u00eatre cultiv\u00e9e, r\u00e9colt\u00e9e, pr\u00e9par\u00e9e et mang\u00e9e avec respect. Se r\u00e9unir autour de la table pour un repas est un acte qui rassemble la communaut\u00e9.","robots":{"index":"index","follow":"follow","max-snippet":"max-snippet:-1","max-image-preview":"max-image-preview:large","max-video-preview":"max-video-preview:-1"},"canonical":"https:\/\/indigenouscuisine.ca\/fr\/culture-gastronomique\/","og_locale":"fr_FR","og_type":"article","og_title":"Revitalisation culturelle, une bouch\u00e9e \u00e0 la fois - Indigenous Cuisine","og_description":"Nos traditions le savent \u2013 la nourriture doit \u00eatre cultiv\u00e9e, r\u00e9colt\u00e9e, pr\u00e9par\u00e9e et mang\u00e9e avec respect. Se r\u00e9unir autour de la table pour un repas est un acte qui rassemble la communaut\u00e9.","og_url":"https:\/\/indigenouscuisine.ca\/fr\/culture-gastronomique\/","og_site_name":"DI - Culinary","article_modified_time":"2020-06-19T22:06:04+00:00","og_image":[{"width":2000,"height":1335,"url":"https:\/\/indigenouscuisine.ca\/wp-content\/uploads\/2020\/05\/Simon-Sees-Tuesday-Reception-6441.jpg","type":"image\/jpeg"}],"twitter_card":"summary_large_image","schema":{"@context":"https:\/\/schema.org","@graph":[{"@type":"WebPage","@id":"https:\/\/indigenouscuisine.ca\/fr\/culture-gastronomique\/","url":"https:\/\/indigenouscuisine.ca\/fr\/culture-gastronomique\/","name":"Revitalisation culturelle, une bouch\u00e9e \u00e0 la fois - Indigenous Cuisine","isPartOf":{"@id":"https:\/\/indigenouscuisine.ca\/fr\/#website"},"datePublished":"2020-03-17T22:19:01+00:00","dateModified":"2020-06-19T22:06:04+00:00","description":"Nos traditions le savent \u2013 la nourriture doit \u00eatre cultiv\u00e9e, r\u00e9colt\u00e9e, pr\u00e9par\u00e9e et mang\u00e9e avec respect. Se r\u00e9unir autour de la table pour un repas est un acte qui rassemble la communaut\u00e9.","breadcrumb":{"@id":"https:\/\/indigenouscuisine.ca\/fr\/culture-gastronomique\/#breadcrumb"},"inLanguage":"fr-FR","potentialAction":[{"@type":"ReadAction","target":["https:\/\/indigenouscuisine.ca\/fr\/culture-gastronomique\/"]}]},{"@type":"BreadcrumbList","@id":"https:\/\/indigenouscuisine.ca\/fr\/culture-gastronomique\/#breadcrumb","itemListElement":[{"@type":"ListItem","position":1,"name":"Home","item":"https:\/\/indigenouscuisine.ca\/fr\/"},{"@type":"ListItem","position":2,"name":"Revitalisation culturelle, une bouch\u00e9e \u00e0 la fois"}]},{"@type":"WebSite","@id":"https:\/\/indigenouscuisine.ca\/fr\/#website","url":"https:\/\/indigenouscuisine.ca\/fr\/","name":"DI - Culinary","description":"","publisher":{"@id":"https:\/\/indigenouscuisine.ca\/fr\/#organization"},"potentialAction":[{"@type":"SearchAction","target":{"@type":"EntryPoint","urlTemplate":"https:\/\/indigenouscuisine.ca\/fr\/?s={search_term_string}"},"query-input":"required name=search_term_string"}],"inLanguage":"fr-FR"},{"@type":"Organization","@id":"https:\/\/indigenouscuisine.ca\/fr\/#organization","name":"Indigenous Cuisine","url":"https:\/\/indigenouscuisine.ca\/fr\/","logo":{"@type":"ImageObject","inLanguage":"fr-FR","@id":"https:\/\/indigenouscuisine.ca\/fr\/#\/schema\/logo\/image\/","url":"https:\/\/indigenouscuisine.ca\/wp-content\/uploads\/2023\/07\/indigeneouscuisine-di-logo-navbar-fr@2x.png","contentUrl":"https:\/\/indigenouscuisine.ca\/wp-content\/uploads\/2023\/07\/indigeneouscuisine-di-logo-navbar-fr@2x.png","width":2040,"height":128,"caption":"Indigenous Cuisine"},"image":{"@id":"https:\/\/indigenouscuisine.ca\/fr\/#\/schema\/logo\/image\/"}}]}},"_links":{"self":[{"href":"https:\/\/indigenouscuisine.ca\/fr\/wp-json\/wp\/v2\/pages\/6165"}],"collection":[{"href":"https:\/\/indigenouscuisine.ca\/fr\/wp-json\/wp\/v2\/pages"}],"about":[{"href":"https:\/\/indigenouscuisine.ca\/fr\/wp-json\/wp\/v2\/types\/page"}],"author":[{"embeddable":true,"href":"https:\/\/indigenouscuisine.ca\/fr\/wp-json\/wp\/v2\/users\/20"}],"replies":[{"embeddable":true,"href":"https:\/\/indigenouscuisine.ca\/fr\/wp-json\/wp\/v2\/comments?post=6165"}],"version-history":[{"count":0,"href":"https:\/\/indigenouscuisine.ca\/fr\/wp-json\/wp\/v2\/pages\/6165\/revisions"}],"wp:featuredmedia":[{"embeddable":true,"href":"https:\/\/indigenouscuisine.ca\/fr\/wp-json\/wp\/v2\/media\/9085"}],"wp:attachment":[{"href":"https:\/\/indigenouscuisine.ca\/fr\/wp-json\/wp\/v2\/media?parent=6165"}],"wp:term":[{"taxonomy":"category","embeddable":true,"href":"https:\/\/indigenouscuisine.ca\/fr\/wp-json\/wp\/v2\/categories?post=6165"},{"taxonomy":"post_tag","embeddable":true,"href":"https:\/\/indigenouscuisine.ca\/fr\/wp-json\/wp\/v2\/tags?post=6165"}],"curies":[{"name":"wp","href":"https:\/\/api.w.org\/{rel}","templated":true}]}}